{"id":53,"date":"2014-09-26T15:28:16","date_gmt":"2014-09-26T14:28:16","guid":{"rendered":"http:\/\/wp.mulder-kaaskoekjes.nl\/?page_id=53"},"modified":"2014-09-28T22:13:11","modified_gmt":"2014-09-28T21:13:11","slug":"home","status":"publish","type":"page","link":"https:\/\/www.mulder-kaaskoekjes.nl\/?lang=de","title":{"rendered":"Home"},"content":{"rendered":"<h3>Genu\u00dfmensch,<\/h3>\n<p>Willkommen auf die Site von &#8220;Mulder&#8221; Handwerkliche K\u00e4sekekse.<\/p>\n<p>&#8220;MULDER&#8221; Handwerkliche K\u00e4sekekse ist ein Familienbetrieb in dem wir die Qualit\u00e4t hoch halten. Die Herstellung findet statt auf klein angelegte, handwerkliche Weise mit 100% pers\u00f6nliche Aufmerksamkeit des B\u00e4ckers.<\/p>\n<p>Die Kunstfertigkeit von Hans Mulder, der seit 1984 luxuri\u00f6se K\u00e4sesnacks herstellt , manifestiert sich in auf den Markt bringen dieses un\u00fcbertroffenen Produktes. Durch das spezielle Backprozess und wenn man der Bl\u00e4tterteig ruhen l\u00e4sst, entwickelt sich ein un\u00fcbertroffener K\u00e4segeschmack und die charakteristische offen und schichtige Struktur dieses Produktes.<\/p>\n<p>Alle &#8220;MULDER&#8221; Handwerkliche K\u00e4sekekse sind hergestellt mit in Perfektion ausgereifter alter Goudak\u00e4se.<\/p>\n","protected":false},"excerpt":{"rendered":"<p>Genu\u00dfmensch, Willkommen auf die Site von &#8220;Mulder&#8221; Handwerkliche K\u00e4sekekse. &#8220;MULDER&#8221; Handwerkliche K\u00e4sekekse ist ein Familienbetrieb in dem wir die Qualit\u00e4t hoch halten. Die Herstellung findet statt auf klein angelegte, handwerkliche Weise mit 100% pers\u00f6nliche Aufmerksamkeit des B\u00e4ckers. Die Kunstfertigkeit von Hans Mulder, der seit 1984 luxuri\u00f6se K\u00e4sesnacks herstellt , manifestiert sich in auf den Markt [&hellip;]<\/p>\n","protected":false},"author":3,"featured_media":0,"parent":0,"menu_order":0,"comment_status":"closed","ping_status":"closed","template":"","meta":[],"_links":{"self":[{"href":"https:\/\/www.mulder-kaaskoekjes.nl\/index.php?rest_route=\/wp\/v2\/pages\/53"}],"collection":[{"href":"https:\/\/www.mulder-kaaskoekjes.nl\/index.php?rest_route=\/wp\/v2\/pages"}],"about":[{"href":"https:\/\/www.mulder-kaaskoekjes.nl\/index.php?rest_route=\/wp\/v2\/types\/page"}],"author":[{"embeddable":true,"href":"https:\/\/www.mulder-kaaskoekjes.nl\/index.php?rest_route=\/wp\/v2\/users\/3"}],"replies":[{"embeddable":true,"href":"https:\/\/www.mulder-kaaskoekjes.nl\/index.php?rest_route=%2Fwp%2Fv2%2Fcomments&post=53"}],"version-history":[{"count":1,"href":"https:\/\/www.mulder-kaaskoekjes.nl\/index.php?rest_route=\/wp\/v2\/pages\/53\/revisions"}],"predecessor-version":[{"id":54,"href":"https:\/\/www.mulder-kaaskoekjes.nl\/index.php?rest_route=\/wp\/v2\/pages\/53\/revisions\/54"}],"wp:attachment":[{"href":"https:\/\/www.mulder-kaaskoekjes.nl\/index.php?rest_route=%2Fwp%2Fv2%2Fmedia&parent=53"}],"curies":[{"name":"wp","href":"https:\/\/api.w.org\/{rel}","templated":true}]}}