{"id":55,"date":"2014-09-26T15:29:39","date_gmt":"2014-09-26T14:29:39","guid":{"rendered":"http:\/\/wp.mulder-kaaskoekjes.nl\/?page_id=55"},"modified":"2014-09-28T22:13:11","modified_gmt":"2014-09-28T21:13:11","slug":"herstellung","status":"publish","type":"page","link":"https:\/\/www.mulder-kaaskoekjes.nl\/?page_id=55","title":{"rendered":"Herstellung"},"content":{"rendered":"<table border=\"0\" width=\"100%\" cellspacing=\"0\" cellpadding=\"0\">\n<tbody>\n<tr>\n<td colspan=\"2\">Die Herstellung der Handwerkliche K\u00e4sekekse ist hierunter im Bild f\u00fcr Sie auseinandergesetzt<\/td>\n<\/tr>\n<tr>\n<td><a href=\"http:\/\/www.mulder-kaaskoekjes.nl\/wp-content\/uploads\/2014\/09\/klaarvoorverpakking1.jpg\"><img loading=\"lazy\" class=\"alignnone  wp-image-88\" src=\"http:\/\/www.mulder-kaaskoekjes.nl\/wp-content\/uploads\/2014\/09\/klaarvoorverpakking1.jpg\" alt=\"klaarvoorverpakking\" width=\"200\" height=\"133\" \/><\/a><\/td>\n<td>\n<p align=\"right\">Schritt 1<br \/>\nProduktionsprozess Mulder K\u00e4sekekse<\/p>\n<\/td>\n<\/tr>\n<tr>\n<td><a href=\"http:\/\/www.mulder-kaaskoekjes.nl\/wp-content\/uploads\/2014\/09\/kaas-snijden1.jpg\"><img loading=\"lazy\" class=\"alignnone  wp-image-86\" src=\"http:\/\/www.mulder-kaaskoekjes.nl\/wp-content\/uploads\/2014\/09\/kaas-snijden1.jpg\" alt=\"kaas snijden\" width=\"200\" height=\"133\" \/><\/a><\/td>\n<td>\n<p align=\"right\">Schritt 2<br \/>\nSnitten und hacken des Bl\u00e4tterteiges<\/p>\n<\/td>\n<\/tr>\n<tr>\n<td><a href=\"http:\/\/www.mulder-kaaskoekjes.nl\/wp-content\/uploads\/2014\/09\/ovenin1.jpg\"><img loading=\"lazy\" class=\"alignnone  wp-image-89\" src=\"http:\/\/www.mulder-kaaskoekjes.nl\/wp-content\/uploads\/2014\/09\/ovenin1.jpg\" alt=\"ovenin\" width=\"200\" height=\"133\" \/><\/a><\/td>\n<td>\n<p align=\"right\">Schritt 3<br \/>\nDer Backprozess<\/p>\n<\/td>\n<\/tr>\n<tr>\n<td><a href=\"http:\/\/www.mulder-kaaskoekjes.nl\/wp-content\/uploads\/2014\/09\/ovenuit1.jpg\"><img loading=\"lazy\" class=\"alignnone  wp-image-90\" src=\"http:\/\/www.mulder-kaaskoekjes.nl\/wp-content\/uploads\/2014\/09\/ovenuit1.jpg\" alt=\"ovenuit\" width=\"200\" height=\"133\" \/><\/a><\/td>\n<td>\n<p align=\"right\">Schritt 4<br \/>\nAbk\u00fchlen<\/p>\n<\/td>\n<\/tr>\n<tr>\n<td><a href=\"http:\/\/www.mulder-kaaskoekjes.nl\/wp-content\/uploads\/2014\/09\/verpakkingsealen1.jpg\"><img loading=\"lazy\" class=\"alignnone  wp-image-91\" src=\"http:\/\/www.mulder-kaaskoekjes.nl\/wp-content\/uploads\/2014\/09\/verpakkingsealen1.jpg\" alt=\"verpakkingsealen\" width=\"200\" height=\"133\" \/><\/a><\/td>\n<td>\n<p align=\"right\">Schritt 5<br \/>\nVerpacken<\/p>\n<\/td>\n<\/tr>\n<tr>\n<td><a href=\"http:\/\/www.mulder-kaaskoekjes.nl\/wp-content\/uploads\/2014\/09\/inbakje1.jpg\"><img loading=\"lazy\" class=\"alignnone  wp-image-85\" src=\"http:\/\/www.mulder-kaaskoekjes.nl\/wp-content\/uploads\/2014\/09\/inbakje1.jpg\" alt=\"inbakje\" width=\"200\" height=\"133\" \/><\/a><\/td>\n<td><\/td>\n<\/tr>\n<tr>\n<td><a href=\"http:\/\/www.mulder-kaaskoekjes.nl\/wp-content\/uploads\/2014\/09\/verpaktenwel1.jpg\"><img loading=\"lazy\" class=\"alignnone  wp-image-92\" src=\"http:\/\/www.mulder-kaaskoekjes.nl\/wp-content\/uploads\/2014\/09\/verpaktenwel1.jpg\" alt=\"verpaktenwel\" width=\"200\" height=\"133\" \/><\/a><\/td>\n<td>\n<p align=\"right\">Schritt 6<br \/>\nDas Endprodukt!<\/p>\n<\/td>\n<\/tr>\n<\/tbody>\n<\/table>\n","protected":false},"excerpt":{"rendered":"<p>Die Herstellung der Handwerkliche K\u00e4sekekse ist hierunter im Bild f\u00fcr Sie auseinandergesetzt Schritt 1 Produktionsprozess Mulder K\u00e4sekekse Schritt 2 Snitten und hacken des Bl\u00e4tterteiges Schritt 3 Der Backprozess Schritt 4 Abk\u00fchlen Schritt 5 Verpacken Schritt 6 Das Endprodukt!<\/p>\n","protected":false},"author":3,"featured_media":0,"parent":0,"menu_order":0,"comment_status":"closed","ping_status":"closed","template":"","meta":[],"_links":{"self":[{"href":"https:\/\/www.mulder-kaaskoekjes.nl\/index.php?rest_route=\/wp\/v2\/pages\/55"}],"collection":[{"href":"https:\/\/www.mulder-kaaskoekjes.nl\/index.php?rest_route=\/wp\/v2\/pages"}],"about":[{"href":"https:\/\/www.mulder-kaaskoekjes.nl\/index.php?rest_route=\/wp\/v2\/types\/page"}],"author":[{"embeddable":true,"href":"https:\/\/www.mulder-kaaskoekjes.nl\/index.php?rest_route=\/wp\/v2\/users\/3"}],"replies":[{"embeddable":true,"href":"https:\/\/www.mulder-kaaskoekjes.nl\/index.php?rest_route=%2Fwp%2Fv2%2Fcomments&post=55"}],"version-history":[{"count":3,"href":"https:\/\/www.mulder-kaaskoekjes.nl\/index.php?rest_route=\/wp\/v2\/pages\/55\/revisions"}],"predecessor-version":[{"id":96,"href":"https:\/\/www.mulder-kaaskoekjes.nl\/index.php?rest_route=\/wp\/v2\/pages\/55\/revisions\/96"}],"wp:attachment":[{"href":"https:\/\/www.mulder-kaaskoekjes.nl\/index.php?rest_route=%2Fwp%2Fv2%2Fmedia&parent=55"}],"curies":[{"name":"wp","href":"https:\/\/api.w.org\/{rel}","templated":true}]}}