{"id":57,"date":"2014-09-26T15:38:36","date_gmt":"2014-09-26T14:38:36","guid":{"rendered":"http:\/\/wp.mulder-kaaskoekjes.nl\/?page_id=57"},"modified":"2014-09-28T22:13:11","modified_gmt":"2014-09-28T21:13:11","slug":"kasekekse","status":"publish","type":"page","link":"https:\/\/www.mulder-kaaskoekjes.nl\/?page_id=57","title":{"rendered":"K\u00e4sekekse"},"content":{"rendered":"<p>Die K\u00e4sekekse bestehen auf\u00a0 klare grundanst\u00e4ndige Ingrediens, z.B. wir benutzen richtige Goudak\u00e4se welche wir innerhalb unseres Betriebes zu K\u00e4sekekse verarbeiten. Auf diese Weise sind keine Geruchsstoffe, Farbstoffe und Geschmacksstoffe hinzugefgt, so da der klare K\u00e4segeschmack garantiert bleibt. Auch enthalten die K\u00e4sekekse keine genetische modifizierte Grundstoffe.<\/p>\n<p><strong>Herstellung<\/strong><br \/>\nDie K\u00e4se wird verarbeitet und gemischt mit einer Anzahl Grundstoffen worunter Salz, welche wir benutzen f\u00fcr den Geschmack und die Haltbarkeit, nach der Mischung wird die K\u00e4semischung abgew\u00e4gt deren Kugeln gemacht sind welche mindestens 5 Tage reifen m\u00fcssen f\u00fcr ein gutes Geschmack bevor der Teig beigef\u00fcgt ist. Dies alles geht im Kuhlraum und wird am n\u00e4chsten tag geschnitten und gebacken. Schnitten ist eigentlich das einzige was auf maschinelle Weise geschieht \u00a0um die K\u00e4sekekse so st\u00e4ndig m\u00f6glich zu bekommen und danach sofort zu backen.<\/p>\n<p><strong>Einpacken<\/strong><br \/>\nEinpacken der K\u00e4sekekse geschieht mit der Hand, wodurch wir jeder Keks gut beurteilen k\u00f6nnen.<\/p>\n<p><strong>Essmomente<\/strong><br \/>\nManche Menschen finden die K\u00e4sekekse noch herrlicher wenn sie in einem Ofen oder Mikrowellenherd erw\u00e4rmt werden, auch bei einem Schnapps, Bier oder einem Glas Wein sind die K\u00e4sekekse vorz\u00fcglich.<\/p>\n<div align=\"center\">\n<table border=\"0\" width=\"90%\" cellspacing=\"0\" cellpadding=\"0\" align=\"left\">\n<tbody>\n<tr>\n<td colspan=\"2\">\n<p align=\"left\"><strong>N\u00e4hrwerte per Gramm<\/strong><\/p>\n<\/td>\n<\/tr>\n<tr>\n<td>\n<p align=\"left\">Energie<\/p>\n<\/td>\n<td>\n<p align=\"right\">2496 KJ \/ 590 Kcal<\/p>\n<\/td>\n<\/tr>\n<tr>\n<td>\n<p align=\"left\">Eiwei\u00df<\/p>\n<\/td>\n<td>\n<p align=\"right\">15 g<\/p>\n<\/td>\n<\/tr>\n<tr>\n<td>\n<p align=\"left\">Kohlehydrat<\/p>\n<\/td>\n<td>\n<p align=\"right\">42 g<\/p>\n<\/td>\n<\/tr>\n<tr>\n<td>\n<p align=\"left\">Fett<\/p>\n<\/td>\n<td>\n<p align=\"right\">40 g<\/p>\n<\/td>\n<\/tr>\n<tr>\n<td>\n<p align=\"left\">Salz<\/p>\n<\/td>\n<td>\n<p align=\"right\">1000 mg<\/p>\n<\/td>\n<\/tr>\n<\/tbody>\n<\/table>\n<\/div>\n","protected":false},"excerpt":{"rendered":"<p>Die K\u00e4sekekse bestehen auf\u00a0 klare grundanst\u00e4ndige Ingrediens, z.B. wir benutzen richtige Goudak\u00e4se welche wir innerhalb unseres Betriebes zu K\u00e4sekekse verarbeiten. Auf diese Weise sind keine Geruchsstoffe, Farbstoffe und Geschmacksstoffe hinzugefgt, so da der klare K\u00e4segeschmack garantiert bleibt. Auch enthalten die K\u00e4sekekse keine genetische modifizierte Grundstoffe. Herstellung Die K\u00e4se wird verarbeitet und gemischt mit einer Anzahl [&hellip;]<\/p>\n","protected":false},"author":3,"featured_media":0,"parent":0,"menu_order":0,"comment_status":"closed","ping_status":"closed","template":"","meta":[],"_links":{"self":[{"href":"https:\/\/www.mulder-kaaskoekjes.nl\/index.php?rest_route=\/wp\/v2\/pages\/57"}],"collection":[{"href":"https:\/\/www.mulder-kaaskoekjes.nl\/index.php?rest_route=\/wp\/v2\/pages"}],"about":[{"href":"https:\/\/www.mulder-kaaskoekjes.nl\/index.php?rest_route=\/wp\/v2\/types\/page"}],"author":[{"embeddable":true,"href":"https:\/\/www.mulder-kaaskoekjes.nl\/index.php?rest_route=\/wp\/v2\/users\/3"}],"replies":[{"embeddable":true,"href":"https:\/\/www.mulder-kaaskoekjes.nl\/index.php?rest_route=%2Fwp%2Fv2%2Fcomments&post=57"}],"version-history":[{"count":1,"href":"https:\/\/www.mulder-kaaskoekjes.nl\/index.php?rest_route=\/wp\/v2\/pages\/57\/revisions"}],"predecessor-version":[{"id":58,"href":"https:\/\/www.mulder-kaaskoekjes.nl\/index.php?rest_route=\/wp\/v2\/pages\/57\/revisions\/58"}],"wp:attachment":[{"href":"https:\/\/www.mulder-kaaskoekjes.nl\/index.php?rest_route=%2Fwp%2Fv2%2Fmedia&parent=57"}],"curies":[{"name":"wp","href":"https:\/\/api.w.org\/{rel}","templated":true}]}}