{"id":59,"date":"2014-09-26T15:39:49","date_gmt":"2014-09-26T14:39:49","guid":{"rendered":"http:\/\/wp.mulder-kaaskoekjes.nl\/?page_id=59"},"modified":"2014-09-28T22:13:11","modified_gmt":"2014-09-28T21:13:11","slug":"qualitt","status":"publish","type":"page","link":"https:\/\/www.mulder-kaaskoekjes.nl\/?page_id=59","title":{"rendered":"Qualit\u00e4t"},"content":{"rendered":"<p>&#8220;MULDER&#8221; Handwerkliche K\u00e4sekekse bestehen aus grundanst\u00e4ndige Ingrediens.<br \/>\nKeine Farbstoffe, Geruchsstoffe, Geschmacksstoffe sind hinzugef\u00fcgt, so da\u00df der autentische, klare K\u00e4segeschmack garantiert bleibt.<br \/>\n&#8220;MULDER&#8221; Handwerkliche K\u00e4sekekse enthalten keine genetische modifizierte Grundstoffe.<\/p>\n","protected":false},"excerpt":{"rendered":"<p>&#8220;MULDER&#8221; Handwerkliche K\u00e4sekekse bestehen aus grundanst\u00e4ndige Ingrediens. Keine Farbstoffe, Geruchsstoffe, Geschmacksstoffe sind hinzugef\u00fcgt, so da\u00df der autentische, klare K\u00e4segeschmack garantiert bleibt. &#8220;MULDER&#8221; Handwerkliche K\u00e4sekekse enthalten keine genetische modifizierte Grundstoffe.<\/p>\n","protected":false},"author":3,"featured_media":0,"parent":0,"menu_order":0,"comment_status":"closed","ping_status":"closed","template":"","meta":[],"_links":{"self":[{"href":"https:\/\/www.mulder-kaaskoekjes.nl\/index.php?rest_route=\/wp\/v2\/pages\/59"}],"collection":[{"href":"https:\/\/www.mulder-kaaskoekjes.nl\/index.php?rest_route=\/wp\/v2\/pages"}],"about":[{"href":"https:\/\/www.mulder-kaaskoekjes.nl\/index.php?rest_route=\/wp\/v2\/types\/page"}],"author":[{"embeddable":true,"href":"https:\/\/www.mulder-kaaskoekjes.nl\/index.php?rest_route=\/wp\/v2\/users\/3"}],"replies":[{"embeddable":true,"href":"https:\/\/www.mulder-kaaskoekjes.nl\/index.php?rest_route=%2Fwp%2Fv2%2Fcomments&post=59"}],"version-history":[{"count":2,"href":"https:\/\/www.mulder-kaaskoekjes.nl\/index.php?rest_route=\/wp\/v2\/pages\/59\/revisions"}],"predecessor-version":[{"id":61,"href":"https:\/\/www.mulder-kaaskoekjes.nl\/index.php?rest_route=\/wp\/v2\/pages\/59\/revisions\/61"}],"wp:attachment":[{"href":"https:\/\/www.mulder-kaaskoekjes.nl\/index.php?rest_route=%2Fwp%2Fv2%2Fmedia&parent=59"}],"curies":[{"name":"wp","href":"https:\/\/api.w.org\/{rel}","templated":true}]}}